{"id":10,"date":"2020-02-11T09:25:14","date_gmt":"2020-02-11T08:25:14","guid":{"rendered":"http:\/\/moroni-photo.fr\/?page_id=10"},"modified":"2026-01-19T10:42:35","modified_gmt":"2026-01-19T09:42:35","slug":"contact","status":"publish","type":"page","link":"https:\/\/moroni-photo.fr\/?page_id=10","title":{"rendered":"Contact"},"content":{"rendered":"\t\t<div data-elementor-type=\"wp-page\" data-elementor-id=\"10\" class=\"elementor elementor-10\" data-elementor-settings=\"[]\">\n\t\t\t\t\t\t<div class=\"elementor-inner\">\n\t\t\t\t\t\t\t<div class=\"elementor-section-wrap\">\n\t\t\t\t\t\t\t<section class=\"elementor-section elementor-top-section elementor-element elementor-element-e286924 elementor-section-boxed elementor-section-height-default elementor-section-height-default\" data-id=\"e286924\" data-element_type=\"section\">\n\t\t\t\t\t\t<div class=\"elementor-container elementor-column-gap-default\">\n\t\t\t\t\t\t\t<div class=\"elementor-row\">\n\t\t\t\t\t<div class=\"elementor-column elementor-col-100 elementor-top-column elementor-element elementor-element-fc61952\" data-id=\"fc61952\" data-element_type=\"column\">\n\t\t\t<div class=\"elementor-column-wrap elementor-element-populated\">\n\t\t\t\t\t\t\t<div class=\"elementor-widget-wrap\">\n\t\t\t\t\t\t<div class=\"elementor-element elementor-element-a9cd976 elementor-widget elementor-widget-shortcode\" data-id=\"a9cd976\" data-element_type=\"widget\" data-widget_type=\"shortcode.default\">\n\t\t\t\t<div class=\"elementor-widget-container\">\n\t\t\t\t\t<div class=\"elementor-shortcode\">https:\/\/www.fotostudio.io\/lead_forms\/3703<\/div>\n\t\t\t\t<\/div>\n\t\t\t\t<\/div>\n\t\t\t\t<div class=\"elementor-element elementor-element-70ef158 elementor-widget elementor-widget-heading\" data-id=\"70ef158\" data-element_type=\"widget\" data-widget_type=\"heading.default\">\n\t\t\t\t<div class=\"elementor-widget-container\">\n\t\t\t<h2 class=\"elementor-heading-title elementor-size-default\">Si vous souhaitez des renseignements, je vous invite \u00e0 remplir le formulaire ci dessous ou \u00e0 me contacter directement par t\u00e9l\u00e9phone au 06 74 61 24 26 ou par mail \u00e0: contact@moroni-photo.fr\n<\/h2>\t\t<\/div>\n\t\t\t\t<\/div>\n\t\t\t\t\t\t<\/div>\n\t\t\t\t\t<\/div>\n\t\t<\/div>\n\t\t\t\t\t\t\t\t<\/div>\n\t\t\t\t\t<\/div>\n\t\t<\/section>\n\t\t\t\t<section class=\"elementor-section elementor-top-section elementor-element elementor-element-481ead3 elementor-section-boxed elementor-section-height-default elementor-section-height-default\" data-id=\"481ead3\" data-element_type=\"section\">\n\t\t\t\t\t\t<div class=\"elementor-container elementor-column-gap-default\">\n\t\t\t\t\t\t\t<div class=\"elementor-row\">\n\t\t\t\t\t<div class=\"elementor-column elementor-col-100 elementor-top-column elementor-element elementor-element-7a0fa90\" data-id=\"7a0fa90\" data-element_type=\"column\">\n\t\t\t<div class=\"elementor-column-wrap elementor-element-populated\">\n\t\t\t\t\t\t\t<div class=\"elementor-widget-wrap\">\n\t\t\t\t\t\t<div class=\"elementor-element elementor-element-dfd813d elementor-widget elementor-widget-button\" data-id=\"dfd813d\" data-element_type=\"widget\" data-widget_type=\"button.default\">\n\t\t\t\t<div class=\"elementor-widget-container\">\n\t\t\t\t\t<div class=\"elementor-button-wrapper\">\n\t\t\t<a href=\"https:\/\/www.fotostudio.io\/lead_forms\/3703\" class=\"elementor-button-link elementor-button elementor-size-sm\" role=\"button\">\n\t\t\t\t\t\t<span class=\"elementor-button-content-wrapper\">\n\t\t\t\t\t\t<span class=\"elementor-button-text\">Demande de renseignements<\/span>\n\t\t<\/span>\n\t\t\t\t\t<\/a>\n\t\t<\/div>\n\t\t\t\t<\/div>\n\t\t\t\t<\/div>\n\t\t\t\t\t\t<\/div>\n\t\t\t\t\t<\/div>\n\t\t<\/div>\n\t\t\t\t\t\t\t\t<\/div>\n\t\t\t\t\t<\/div>\n\t\t<\/section>\n\t\t\t\t\t\t<\/div>\n\t\t\t\t\t\t<\/div>\n\t\t\t\t\t<\/div>\n\t\t","protected":false},"excerpt":{"rendered":"<p>https:\/\/www.fotostudio.io\/lead_forms\/3703 Si vous souhaitez des renseignements, je vous invite \u00e0 remplir le formulaire ci dessous ou \u00e0 me contacter directement par t\u00e9l\u00e9phone au 06 74 61 24 26 ou par mail \u00e0: contact@moroni-photo.fr Demande de renseignements<\/p>\n","protected":false},"author":1,"featured_media":5,"parent":0,"menu_order":0,"comment_status":"closed","ping_status":"closed","template":"","meta":[],"yoast_head":"<!-- This site is optimized with the Yoast SEO plugin v15.9.1 - https:\/\/yoast.com\/wordpress\/plugins\/seo\/ -->\n<title>Contact - Eric Moroni<\/title>\n<meta name=\"robots\" content=\"index, follow, max-snippet:-1, max-image-preview:large, max-video-preview:-1\" \/>\n<link rel=\"canonical\" href=\"http:\/\/moroni-photo.fr\/?page_id=10\" \/>\n<meta property=\"og:locale\" content=\"fr_FR\" \/>\n<meta property=\"og:type\" content=\"article\" \/>\n<meta property=\"og:title\" content=\"Contact - Eric Moroni\" \/>\n<meta property=\"og:description\" content=\"https:\/\/www.fotostudio.io\/lead_forms\/3703 Si vous souhaitez des renseignements, je vous invite \u00e0 remplir le formulaire ci dessous ou \u00e0 me contacter directement par t\u00e9l\u00e9phone au 06 74 61 24 26 ou par mail \u00e0: contact@moroni-photo.fr Demande de renseignements\" \/>\n<meta property=\"og:url\" content=\"http:\/\/moroni-photo.fr\/?page_id=10\" \/>\n<meta property=\"og:site_name\" content=\"Eric Moroni\" \/>\n<meta property=\"article:modified_time\" content=\"2026-01-19T09:42:35+00:00\" \/>\n<meta property=\"og:image\" content=\"https:\/\/moroni-photo.fr\/wp-content\/uploads\/2020\/02\/espresso.jpg\" \/>\n\t<meta property=\"og:image:width\" content=\"2000\" \/>\n\t<meta property=\"og:image:height\" content=\"1200\" \/>\n<meta name=\"twitter:card\" content=\"summary_large_image\" \/>\n<meta name=\"twitter:label1\" content=\"Dur\u00e9e de lecture est.\">\n\t<meta name=\"twitter:data1\" content=\"1 minute\">\n<script type=\"application\/ld+json\" class=\"yoast-schema-graph\">{\"@context\":\"https:\/\/schema.org\",\"@graph\":[{\"@type\":\"WebSite\",\"@id\":\"http:\/\/moroni-photo.fr\/#website\",\"url\":\"http:\/\/moroni-photo.fr\/\",\"name\":\"Eric Moroni\",\"description\":\"Photographe\",\"potentialAction\":[{\"@type\":\"SearchAction\",\"target\":\"http:\/\/moroni-photo.fr\/?s={search_term_string}\",\"query-input\":\"required name=search_term_string\"}],\"inLanguage\":\"fr-FR\"},{\"@type\":\"ImageObject\",\"@id\":\"http:\/\/moroni-photo.fr\/?page_id=10#primaryimage\",\"inLanguage\":\"fr-FR\",\"url\":\"https:\/\/moroni-photo.fr\/wp-content\/uploads\/2020\/02\/espresso.jpg\",\"width\":2000,\"height\":1200},{\"@type\":\"WebPage\",\"@id\":\"http:\/\/moroni-photo.fr\/?page_id=10#webpage\",\"url\":\"http:\/\/moroni-photo.fr\/?page_id=10\",\"name\":\"Contact - Eric Moroni\",\"isPartOf\":{\"@id\":\"http:\/\/moroni-photo.fr\/#website\"},\"primaryImageOfPage\":{\"@id\":\"http:\/\/moroni-photo.fr\/?page_id=10#primaryimage\"},\"datePublished\":\"2020-02-11T08:25:14+00:00\",\"dateModified\":\"2026-01-19T09:42:35+00:00\",\"breadcrumb\":{\"@id\":\"http:\/\/moroni-photo.fr\/?page_id=10#breadcrumb\"},\"inLanguage\":\"fr-FR\",\"potentialAction\":[{\"@type\":\"ReadAction\",\"target\":[\"http:\/\/moroni-photo.fr\/?page_id=10\"]}]},{\"@type\":\"BreadcrumbList\",\"@id\":\"http:\/\/moroni-photo.fr\/?page_id=10#breadcrumb\",\"itemListElement\":[{\"@type\":\"ListItem\",\"position\":1,\"item\":{\"@type\":\"WebPage\",\"@id\":\"http:\/\/moroni-photo.fr\/\",\"url\":\"http:\/\/moroni-photo.fr\/\",\"name\":\"Accueil\"}},{\"@type\":\"ListItem\",\"position\":2,\"item\":{\"@type\":\"WebPage\",\"@id\":\"http:\/\/moroni-photo.fr\/?page_id=10\",\"url\":\"http:\/\/moroni-photo.fr\/?page_id=10\",\"name\":\"Contact\"}}]}]}<\/script>\n<!-- \/ Yoast SEO plugin. -->","_links":{"self":[{"href":"https:\/\/moroni-photo.fr\/index.php?rest_route=\/wp\/v2\/pages\/10"}],"collection":[{"href":"https:\/\/moroni-photo.fr\/index.php?rest_route=\/wp\/v2\/pages"}],"about":[{"href":"https:\/\/moroni-photo.fr\/index.php?rest_route=\/wp\/v2\/types\/page"}],"author":[{"embeddable":true,"href":"https:\/\/moroni-photo.fr\/index.php?rest_route=\/wp\/v2\/users\/1"}],"replies":[{"embeddable":true,"href":"https:\/\/moroni-photo.fr\/index.php?rest_route=%2Fwp%2Fv2%2Fcomments&post=10"}],"version-history":[{"count":47,"href":"https:\/\/moroni-photo.fr\/index.php?rest_route=\/wp\/v2\/pages\/10\/revisions"}],"predecessor-version":[{"id":1536,"href":"https:\/\/moroni-photo.fr\/index.php?rest_route=\/wp\/v2\/pages\/10\/revisions\/1536"}],"wp:featuredmedia":[{"embeddable":true,"href":"https:\/\/moroni-photo.fr\/index.php?rest_route=\/wp\/v2\/media\/5"}],"wp:attachment":[{"href":"https:\/\/moroni-photo.fr\/index.php?rest_route=%2Fwp%2Fv2%2Fmedia&parent=10"}],"curies":[{"name":"wp","href":"https:\/\/api.w.org\/{rel}","templated":true}]}}