{"id":409,"date":"2021-02-24T11:41:02","date_gmt":"2021-02-24T10:41:02","guid":{"rendered":"http:\/\/moroni-photo.fr\/?page_id=409"},"modified":"2026-01-19T08:55:48","modified_gmt":"2026-01-19T07:55:48","slug":"le-studio","status":"publish","type":"page","link":"https:\/\/moroni-photo.fr\/?page_id=409","title":{"rendered":"Le studio"},"content":{"rendered":"\t\t<div data-elementor-type=\"wp-page\" data-elementor-id=\"409\" class=\"elementor elementor-409\" data-elementor-settings=\"[]\">\n\t\t\t\t\t\t<div class=\"elementor-inner\">\n\t\t\t\t\t\t\t<div class=\"elementor-section-wrap\">\n\t\t\t\t\t\t\t<section class=\"elementor-section elementor-top-section elementor-element elementor-element-bbb2149 elementor-section-stretched elementor-section-boxed elementor-section-height-default elementor-section-height-default\" data-id=\"bbb2149\" data-element_type=\"section\" data-settings=\"{&quot;stretch_section&quot;:&quot;section-stretched&quot;}\">\n\t\t\t\t\t\t<div class=\"elementor-container elementor-column-gap-default\">\n\t\t\t\t\t\t\t<div class=\"elementor-row\">\n\t\t\t\t\t<div class=\"elementor-column elementor-col-100 elementor-top-column elementor-element elementor-element-9a4d104\" data-id=\"9a4d104\" data-element_type=\"column\">\n\t\t\t<div class=\"elementor-column-wrap elementor-element-populated\">\n\t\t\t\t\t\t\t<div class=\"elementor-widget-wrap\">\n\t\t\t\t\t\t<div class=\"elementor-element elementor-element-96bf1cd elementor-widget elementor-widget-heading\" data-id=\"96bf1cd\" data-element_type=\"widget\" data-widget_type=\"heading.default\">\n\t\t\t\t<div class=\"elementor-widget-container\">\n\t\t\t<h2 class=\"elementor-heading-title elementor-size-default\">Studio Eric Moroni Photographe \u00e0 Chom\u00e9rac<\/h2>\t\t<\/div>\n\t\t\t\t<\/div>\n\t\t\t\t\t\t<\/div>\n\t\t\t\t\t<\/div>\n\t\t<\/div>\n\t\t\t\t\t\t\t\t<\/div>\n\t\t\t\t\t<\/div>\n\t\t<\/section>\n\t\t\t\t<section class=\"elementor-section elementor-top-section elementor-element elementor-element-fafe4a5 elementor-section-stretched elementor-section-boxed elementor-section-height-default elementor-section-height-default\" data-id=\"fafe4a5\" data-element_type=\"section\" data-settings=\"{&quot;stretch_section&quot;:&quot;section-stretched&quot;}\">\n\t\t\t\t\t\t<div class=\"elementor-container elementor-column-gap-default\">\n\t\t\t\t\t\t\t<div class=\"elementor-row\">\n\t\t\t\t\t<div class=\"elementor-column elementor-col-100 elementor-top-column elementor-element elementor-element-f01f2f5\" data-id=\"f01f2f5\" data-element_type=\"column\">\n\t\t\t<div class=\"elementor-column-wrap elementor-element-populated\">\n\t\t\t\t\t\t\t<div class=\"elementor-widget-wrap\">\n\t\t\t\t\t\t<div class=\"elementor-element elementor-element-cd94e78 elementor-widget elementor-widget-text-editor\" data-id=\"cd94e78\" data-element_type=\"widget\" data-widget_type=\"text-editor.default\">\n\t\t\t\t<div class=\"elementor-widget-container\">\n\t\t\t\t\t<div class=\"elementor-text-editor elementor-clearfix\"><p>Bienvenue dans le studio photo en plein c\u0153ur de Chom\u00e9rac, en Ard\u00e8che, proche de Privas, Mont\u00e9limar et Valence. Un espace professionnel et chaleureux pens\u00e9 pour vous offrir une exp\u00e9rience photo confortable, sereine et personnalis\u00e9e.<\/p><p>Le studio est enti\u00e8rement \u00e9quip\u00e9 pour accueillir les familles, les enfants, et les couples, dans un cadre adapt\u00e9 \u00e0 chaque type de s\u00e9ances.\u00a0<\/p><\/div>\n\t\t\t\t<\/div>\n\t\t\t\t<\/div>\n\t\t\t\t\t\t<\/div>\n\t\t\t\t\t<\/div>\n\t\t<\/div>\n\t\t\t\t\t\t\t\t<\/div>\n\t\t\t\t\t<\/div>\n\t\t<\/section>\n\t\t\t\t<section class=\"elementor-section elementor-top-section elementor-element elementor-element-aacb54a elementor-section-stretched elementor-section-boxed elementor-section-height-default elementor-section-height-default\" data-id=\"aacb54a\" data-element_type=\"section\" data-settings=\"{&quot;stretch_section&quot;:&quot;section-stretched&quot;}\">\n\t\t\t\t\t\t<div class=\"elementor-container elementor-column-gap-default\">\n\t\t\t\t\t\t\t<div class=\"elementor-row\">\n\t\t\t\t\t<div class=\"elementor-column elementor-col-50 elementor-top-column elementor-element elementor-element-770b4c9\" data-id=\"770b4c9\" data-element_type=\"column\">\n\t\t\t<div class=\"elementor-column-wrap elementor-element-populated\">\n\t\t\t\t\t\t\t<div class=\"elementor-widget-wrap\">\n\t\t\t\t\t\t<div class=\"elementor-element elementor-element-417ee0e elementor-widget elementor-widget-heading\" data-id=\"417ee0e\" data-element_type=\"widget\" data-widget_type=\"heading.default\">\n\t\t\t\t<div class=\"elementor-widget-container\">\n\t\t\t<h2 class=\"elementor-heading-title elementor-size-default\">Des prestations r\u00e9alis\u00e9es au studio<\/h2>\t\t<\/div>\n\t\t\t\t<\/div>\n\t\t\t\t<div class=\"elementor-element elementor-element-842b411 elementor-widget elementor-widget-text-editor\" data-id=\"842b411\" data-element_type=\"widget\" data-widget_type=\"text-editor.default\">\n\t\t\t\t<div class=\"elementor-widget-container\">\n\t\t\t\t\t<div class=\"elementor-text-editor elementor-clearfix\"><ul><li>Portraits individuels<\/li><li>Portraits de famille<\/li><li>S\u00e9ances Family Box<\/li><li>Photos d&#8217;iris<\/li><li>Photos d&#8217;identit\u00e9 (autre point de vente \u00e0 Privas)<\/li><\/ul><p>Un projet ? Envie de r\u00e9aliser une s\u00e9ance photo pour ancrer vos souvenirs ?\u00a0<\/p><p>Je vous accueille au studio du lundi au vendredi.\u00a0<\/p><\/div>\n\t\t\t\t<\/div>\n\t\t\t\t<\/div>\n\t\t\t\t\t\t<\/div>\n\t\t\t\t\t<\/div>\n\t\t<\/div>\n\t\t\t\t<div class=\"elementor-column elementor-col-50 elementor-top-column elementor-element elementor-element-7366ed5\" data-id=\"7366ed5\" data-element_type=\"column\">\n\t\t\t<div class=\"elementor-column-wrap elementor-element-populated\">\n\t\t\t\t\t\t\t<div class=\"elementor-widget-wrap\">\n\t\t\t\t\t\t<div class=\"elementor-element elementor-element-1014f9a elementor-widget elementor-widget-image\" data-id=\"1014f9a\" data-element_type=\"widget\" data-widget_type=\"image.default\">\n\t\t\t\t<div class=\"elementor-widget-container\">\n\t\t\t\t\t<div class=\"elementor-image\">\n\t\t\t\t\t\t\t\t\t\t<img width=\"225\" height=\"300\" src=\"https:\/\/moroni-photo.fr\/wp-content\/uploads\/2021\/02\/98262521_2605055796267758_3583158573577797632_o-225x300.jpg\" class=\"attachment-medium size-medium\" alt=\"\" loading=\"lazy\" srcset=\"https:\/\/moroni-photo.fr\/wp-content\/uploads\/2021\/02\/98262521_2605055796267758_3583158573577797632_o-225x300.jpg 225w, https:\/\/moroni-photo.fr\/wp-content\/uploads\/2021\/02\/98262521_2605055796267758_3583158573577797632_o-768x1024.jpg 768w, https:\/\/moroni-photo.fr\/wp-content\/uploads\/2021\/02\/98262521_2605055796267758_3583158573577797632_o-1152x1536.jpg 1152w, https:\/\/moroni-photo.fr\/wp-content\/uploads\/2021\/02\/98262521_2605055796267758_3583158573577797632_o-830x1107.jpg 830w, https:\/\/moroni-photo.fr\/wp-content\/uploads\/2021\/02\/98262521_2605055796267758_3583158573577797632_o-230x307.jpg 230w, https:\/\/moroni-photo.fr\/wp-content\/uploads\/2021\/02\/98262521_2605055796267758_3583158573577797632_o-350x467.jpg 350w, https:\/\/moroni-photo.fr\/wp-content\/uploads\/2021\/02\/98262521_2605055796267758_3583158573577797632_o-480x640.jpg 480w, https:\/\/moroni-photo.fr\/wp-content\/uploads\/2021\/02\/98262521_2605055796267758_3583158573577797632_o.jpg 1200w\" sizes=\"(max-width: 225px) 100vw, 225px\" \/>\t\t\t\t\t\t\t\t\t\t\t<\/div>\n\t\t\t\t<\/div>\n\t\t\t\t<\/div>\n\t\t\t\t\t\t<\/div>\n\t\t\t\t\t<\/div>\n\t\t<\/div>\n\t\t\t\t\t\t\t\t<\/div>\n\t\t\t\t\t<\/div>\n\t\t<\/section>\n\t\t\t\t<section class=\"elementor-section elementor-top-section elementor-element elementor-element-8b733d9 elementor-section-stretched elementor-section-boxed elementor-section-height-default elementor-section-height-default\" data-id=\"8b733d9\" data-element_type=\"section\" data-settings=\"{&quot;stretch_section&quot;:&quot;section-stretched&quot;}\">\n\t\t\t\t\t\t<div class=\"elementor-container elementor-column-gap-default\">\n\t\t\t\t\t\t\t<div class=\"elementor-row\">\n\t\t\t\t\t<div class=\"elementor-column elementor-col-50 elementor-top-column elementor-element elementor-element-33e034a\" data-id=\"33e034a\" data-element_type=\"column\">\n\t\t\t<div class=\"elementor-column-wrap elementor-element-populated\">\n\t\t\t\t\t\t\t<div class=\"elementor-widget-wrap\">\n\t\t\t\t\t\t<div class=\"elementor-element elementor-element-5053d08 elementor-widget elementor-widget-heading\" data-id=\"5053d08\" data-element_type=\"widget\" data-widget_type=\"heading.default\">\n\t\t\t\t<div class=\"elementor-widget-container\">\n\t\t\t<h2 class=\"elementor-heading-title elementor-size-default\">STUDIO CHOMERAC<br><span style=\"font-size: 17px; text-align: center; white-space-collapse: collapse;\">7 rue de la r\u00e9publique<\/span><br><br><span style=\"font-size: 17px; text-align: center; white-space-collapse: collapse;\">Facile \u00e0 trouver, c'est l'ancienne poste du village, tout pr\u00e8s de l'\u00e9glise au c\u0153ur m\u00eame du bourg.<\/span><p style=\"font-size: 17px; text-align: center; white-space-collapse: collapse;\"><br><\/p><br><span style=\"font-size: 17px; text-align: center; white-space-collapse: collapse;\">06.74.61.24.26<\/span><\/h2>\t\t<\/div>\n\t\t\t\t<\/div>\n\t\t\t\t<div class=\"elementor-element elementor-element-d0bc52a elementor-widget elementor-widget-google_maps\" data-id=\"d0bc52a\" data-element_type=\"widget\" data-widget_type=\"google_maps.default\">\n\t\t\t\t<div class=\"elementor-widget-container\">\n\t\t\t<div class=\"elementor-custom-embed\"><iframe frameborder=\"0\" scrolling=\"no\" marginheight=\"0\" marginwidth=\"0\" src=\"https:\/\/maps.google.com\/maps?q=7%20rue%20de%20la%20r%C3%A9publique%2007210%20Chom%C3%A9rac&amp;t=m&amp;z=16&amp;output=embed&amp;iwloc=near\" title=\"7 rue de la r\u00e9publique 07210 Chom\u00e9rac\" aria-label=\"7 rue de la r\u00e9publique 07210 Chom\u00e9rac\"><\/iframe><\/div>\t\t<\/div>\n\t\t\t\t<\/div>\n\t\t\t\t\t\t<\/div>\n\t\t\t\t\t<\/div>\n\t\t<\/div>\n\t\t\t\t<div class=\"elementor-column elementor-col-50 elementor-top-column elementor-element elementor-element-b1f9341\" data-id=\"b1f9341\" data-element_type=\"column\">\n\t\t\t<div class=\"elementor-column-wrap elementor-element-populated\">\n\t\t\t\t\t\t\t<div class=\"elementor-widget-wrap\">\n\t\t\t\t\t\t<div class=\"elementor-element elementor-element-e4fbe92 elementor-widget elementor-widget-heading\" data-id=\"e4fbe92\" data-element_type=\"widget\" data-widget_type=\"heading.default\">\n\t\t\t\t<div class=\"elementor-widget-container\">\n\t\t\t<h2 class=\"elementor-heading-title elementor-size-default\">PHOTO D'IDENTITE A PRIVAS<br>1 grande rue<br><br>Jusste \u00e0 c\u00f4t\u00e9 de Katia Boris KB immobilier<br><br>ouvert du lundi au vendredi de 8h \u00e0 12h et de 14h \u00e0 18h.<br><br><br>06 67 21 49 08<\/h2>\t\t<\/div>\n\t\t\t\t<\/div>\n\t\t\t\t<div class=\"elementor-element elementor-element-9caa005 elementor-widget elementor-widget-google_maps\" data-id=\"9caa005\" data-element_type=\"widget\" data-widget_type=\"google_maps.default\">\n\t\t\t\t<div class=\"elementor-widget-container\">\n\t\t\t<div class=\"elementor-custom-embed\"><iframe frameborder=\"0\" scrolling=\"no\" marginheight=\"0\" marginwidth=\"0\" src=\"https:\/\/maps.google.com\/maps?q=1%20GRANDE%20RUE%2007100%20PRIVAS&amp;t=m&amp;z=18&amp;output=embed&amp;iwloc=near\" title=\"1 GRANDE RUE 07100 PRIVAS\" aria-label=\"1 GRANDE RUE 07100 PRIVAS\"><\/iframe><\/div>\t\t<\/div>\n\t\t\t\t<\/div>\n\t\t\t\t\t\t<\/div>\n\t\t\t\t\t<\/div>\n\t\t<\/div>\n\t\t\t\t\t\t\t\t<\/div>\n\t\t\t\t\t<\/div>\n\t\t<\/section>\n\t\t\t\t<section class=\"elementor-section elementor-top-section elementor-element elementor-element-ff34a08 elementor-section-stretched elementor-section-boxed elementor-section-height-default elementor-section-height-default\" data-id=\"ff34a08\" data-element_type=\"section\" data-settings=\"{&quot;stretch_section&quot;:&quot;section-stretched&quot;}\">\n\t\t\t\t\t\t<div class=\"elementor-container elementor-column-gap-default\">\n\t\t\t\t\t\t\t<div class=\"elementor-row\">\n\t\t\t\t\t<div class=\"elementor-column elementor-col-100 elementor-top-column elementor-element elementor-element-cdfdad2\" data-id=\"cdfdad2\" data-element_type=\"column\">\n\t\t\t<div class=\"elementor-column-wrap elementor-element-populated\">\n\t\t\t\t\t\t\t<div class=\"elementor-widget-wrap\">\n\t\t\t\t\t\t<div class=\"elementor-element elementor-element-e73ceba elementor-widget elementor-widget-text-editor\" data-id=\"e73ceba\" data-element_type=\"widget\" data-widget_type=\"text-editor.default\">\n\t\t\t\t<div class=\"elementor-widget-container\">\n\t\t\t\t\t<div class=\"elementor-text-editor elementor-clearfix\"><\/div>\n\t\t\t\t<\/div>\n\t\t\t\t<\/div>\n\t\t\t\t\t\t<\/div>\n\t\t\t\t\t<\/div>\n\t\t<\/div>\n\t\t\t\t\t\t\t\t<\/div>\n\t\t\t\t\t<\/div>\n\t\t<\/section>\n\t\t\t\t\t\t<\/div>\n\t\t\t\t\t\t<\/div>\n\t\t\t\t\t<\/div>\n\t\t","protected":false},"excerpt":{"rendered":"<p>Studio Eric Moroni Photographe \u00e0 Chom\u00e9rac Bienvenue dans le studio photo en plein c\u0153ur de Chom\u00e9rac, en Ard\u00e8che, proche de Privas, Mont\u00e9limar et Valence. Un espace professionnel et chaleureux pens\u00e9 pour vous offrir une exp\u00e9rience photo confortable, sereine et personnalis\u00e9e. Le studio est enti\u00e8rement \u00e9quip\u00e9 pour accueillir les familles, les enfants, et les couples, dans&#8230;<\/p>\n","protected":false},"author":1,"featured_media":0,"parent":0,"menu_order":0,"comment_status":"closed","ping_status":"closed","template":"","meta":[],"yoast_head":"<!-- This site is optimized with the Yoast SEO plugin v15.9.1 - https:\/\/yoast.com\/wordpress\/plugins\/seo\/ -->\n<title>Le studio - Eric Moroni<\/title>\n<meta name=\"robots\" content=\"index, follow, max-snippet:-1, max-image-preview:large, max-video-preview:-1\" \/>\n<link rel=\"canonical\" href=\"http:\/\/moroni-photo.fr\/?page_id=409\" \/>\n<meta property=\"og:locale\" content=\"fr_FR\" \/>\n<meta property=\"og:type\" content=\"article\" \/>\n<meta property=\"og:title\" content=\"Le studio - Eric Moroni\" \/>\n<meta property=\"og:description\" content=\"Studio Eric Moroni Photographe \u00e0 Chom\u00e9rac Bienvenue dans le studio photo en plein c\u0153ur de Chom\u00e9rac, en Ard\u00e8che, proche de Privas, Mont\u00e9limar et Valence. Un espace professionnel et chaleureux pens\u00e9 pour vous offrir une exp\u00e9rience photo confortable, sereine et personnalis\u00e9e. Le studio est enti\u00e8rement \u00e9quip\u00e9 pour accueillir les familles, les enfants, et les couples, dans...\" \/>\n<meta property=\"og:url\" content=\"http:\/\/moroni-photo.fr\/?page_id=409\" \/>\n<meta property=\"og:site_name\" content=\"Eric Moroni\" \/>\n<meta property=\"article:modified_time\" content=\"2026-01-19T07:55:48+00:00\" \/>\n<meta property=\"og:image\" content=\"http:\/\/moroni-photo.fr\/wp-content\/uploads\/2021\/02\/98262521_2605055796267758_3583158573577797632_o-225x300.jpg\" \/>\n<meta name=\"twitter:card\" content=\"summary_large_image\" \/>\n<meta name=\"twitter:label1\" content=\"Dur\u00e9e de lecture est.\">\n\t<meta name=\"twitter:data1\" content=\"1 minute\">\n<script type=\"application\/ld+json\" class=\"yoast-schema-graph\">{\"@context\":\"https:\/\/schema.org\",\"@graph\":[{\"@type\":\"WebSite\",\"@id\":\"http:\/\/moroni-photo.fr\/#website\",\"url\":\"http:\/\/moroni-photo.fr\/\",\"name\":\"Eric Moroni\",\"description\":\"Photographe\",\"potentialAction\":[{\"@type\":\"SearchAction\",\"target\":\"http:\/\/moroni-photo.fr\/?s={search_term_string}\",\"query-input\":\"required name=search_term_string\"}],\"inLanguage\":\"fr-FR\"},{\"@type\":\"ImageObject\",\"@id\":\"http:\/\/moroni-photo.fr\/?page_id=409#primaryimage\",\"inLanguage\":\"fr-FR\",\"url\":\"http:\/\/moroni-photo.fr\/wp-content\/uploads\/2021\/02\/98262521_2605055796267758_3583158573577797632_o-225x300.jpg\"},{\"@type\":\"WebPage\",\"@id\":\"http:\/\/moroni-photo.fr\/?page_id=409#webpage\",\"url\":\"http:\/\/moroni-photo.fr\/?page_id=409\",\"name\":\"Le studio - Eric Moroni\",\"isPartOf\":{\"@id\":\"http:\/\/moroni-photo.fr\/#website\"},\"primaryImageOfPage\":{\"@id\":\"http:\/\/moroni-photo.fr\/?page_id=409#primaryimage\"},\"datePublished\":\"2021-02-24T10:41:02+00:00\",\"dateModified\":\"2026-01-19T07:55:48+00:00\",\"breadcrumb\":{\"@id\":\"http:\/\/moroni-photo.fr\/?page_id=409#breadcrumb\"},\"inLanguage\":\"fr-FR\",\"potentialAction\":[{\"@type\":\"ReadAction\",\"target\":[\"http:\/\/moroni-photo.fr\/?page_id=409\"]}]},{\"@type\":\"BreadcrumbList\",\"@id\":\"http:\/\/moroni-photo.fr\/?page_id=409#breadcrumb\",\"itemListElement\":[{\"@type\":\"ListItem\",\"position\":1,\"item\":{\"@type\":\"WebPage\",\"@id\":\"http:\/\/moroni-photo.fr\/\",\"url\":\"http:\/\/moroni-photo.fr\/\",\"name\":\"Accueil\"}},{\"@type\":\"ListItem\",\"position\":2,\"item\":{\"@type\":\"WebPage\",\"@id\":\"http:\/\/moroni-photo.fr\/?page_id=409\",\"url\":\"http:\/\/moroni-photo.fr\/?page_id=409\",\"name\":\"Le studio\"}}]}]}<\/script>\n<!-- \/ Yoast SEO plugin. -->","_links":{"self":[{"href":"https:\/\/moroni-photo.fr\/index.php?rest_route=\/wp\/v2\/pages\/409"}],"collection":[{"href":"https:\/\/moroni-photo.fr\/index.php?rest_route=\/wp\/v2\/pages"}],"about":[{"href":"https:\/\/moroni-photo.fr\/index.php?rest_route=\/wp\/v2\/types\/page"}],"author":[{"embeddable":true,"href":"https:\/\/moroni-photo.fr\/index.php?rest_route=\/wp\/v2\/users\/1"}],"replies":[{"embeddable":true,"href":"https:\/\/moroni-photo.fr\/index.php?rest_route=%2Fwp%2Fv2%2Fcomments&post=409"}],"version-history":[{"count":88,"href":"https:\/\/moroni-photo.fr\/index.php?rest_route=\/wp\/v2\/pages\/409\/revisions"}],"predecessor-version":[{"id":1523,"href":"https:\/\/moroni-photo.fr\/index.php?rest_route=\/wp\/v2\/pages\/409\/revisions\/1523"}],"wp:attachment":[{"href":"https:\/\/moroni-photo.fr\/index.php?rest_route=%2Fwp%2Fv2%2Fmedia&parent=409"}],"curies":[{"name":"wp","href":"https:\/\/api.w.org\/{rel}","templated":true}]}}