{"id":9,"date":"2020-02-11T09:25:14","date_gmt":"2020-02-11T08:25:14","guid":{"rendered":"http:\/\/moroni-photo.fr\/?page_id=9"},"modified":"2026-01-19T12:33:23","modified_gmt":"2026-01-19T11:33:23","slug":"a-propos-de","status":"publish","type":"page","link":"https:\/\/moroni-photo.fr\/?page_id=9","title":{"rendered":"\u00c0 propos de"},"content":{"rendered":"\t\t<div data-elementor-type=\"wp-page\" data-elementor-id=\"9\" class=\"elementor elementor-9\" data-elementor-settings=\"[]\">\n\t\t\t\t\t\t<div class=\"elementor-inner\">\n\t\t\t\t\t\t\t<div class=\"elementor-section-wrap\">\n\t\t\t\t\t\t\t<section class=\"elementor-section elementor-top-section elementor-element elementor-element-dd1d61c elementor-section-stretched elementor-section-boxed elementor-section-height-default elementor-section-height-default\" data-id=\"dd1d61c\" data-element_type=\"section\" data-settings=\"{&quot;stretch_section&quot;:&quot;section-stretched&quot;}\">\n\t\t\t\t\t\t<div class=\"elementor-container elementor-column-gap-default\">\n\t\t\t\t\t\t\t<div class=\"elementor-row\">\n\t\t\t\t\t<div class=\"elementor-column elementor-col-100 elementor-top-column elementor-element elementor-element-04f5bac\" data-id=\"04f5bac\" data-element_type=\"column\">\n\t\t\t<div class=\"elementor-column-wrap elementor-element-populated\">\n\t\t\t\t\t\t\t<div class=\"elementor-widget-wrap\">\n\t\t\t\t\t\t<div class=\"elementor-element elementor-element-b570507 elementor-widget elementor-widget-heading\" data-id=\"b570507\" data-element_type=\"widget\" data-widget_type=\"heading.default\">\n\t\t\t\t<div class=\"elementor-widget-container\">\n\t\t\t<h2 class=\"elementor-heading-title elementor-size-default\">Ajoutez votre titre ici<\/h2>\t\t<\/div>\n\t\t\t\t<\/div>\n\t\t\t\t\t\t<\/div>\n\t\t\t\t\t<\/div>\n\t\t<\/div>\n\t\t\t\t\t\t\t\t<\/div>\n\t\t\t\t\t<\/div>\n\t\t<\/section>\n\t\t\t\t<section class=\"elementor-section elementor-top-section elementor-element elementor-element-2a4b76a elementor-section-boxed elementor-section-height-default elementor-section-height-default\" data-id=\"2a4b76a\" data-element_type=\"section\">\n\t\t\t\t\t\t<div class=\"elementor-container elementor-column-gap-default\">\n\t\t\t\t\t\t\t<div class=\"elementor-row\">\n\t\t\t\t\t<div class=\"elementor-column elementor-col-100 elementor-top-column elementor-element elementor-element-d343106\" data-id=\"d343106\" data-element_type=\"column\">\n\t\t\t<div class=\"elementor-column-wrap elementor-element-populated\">\n\t\t\t\t\t\t\t<div class=\"elementor-widget-wrap\">\n\t\t\t\t\t\t<div class=\"elementor-element elementor-element-081daca elementor-widget elementor-widget-heading\" data-id=\"081daca\" data-element_type=\"widget\" data-widget_type=\"heading.default\">\n\t\t\t\t<div class=\"elementor-widget-container\">\n\t\t\t<h2 class=\"elementor-heading-title elementor-size-default\">A propos de Eric Moroni Photographe \u00e0 Chom\u00e9rac<\/h2>\t\t<\/div>\n\t\t\t\t<\/div>\n\t\t\t\t\t\t<\/div>\n\t\t\t\t\t<\/div>\n\t\t<\/div>\n\t\t\t\t\t\t\t\t<\/div>\n\t\t\t\t\t<\/div>\n\t\t<\/section>\n\t\t\t\t<section class=\"elementor-section elementor-top-section elementor-element elementor-element-9a728bd elementor-section-boxed elementor-section-height-default elementor-section-height-default\" data-id=\"9a728bd\" data-element_type=\"section\">\n\t\t\t\t\t\t<div class=\"elementor-container elementor-column-gap-default\">\n\t\t\t\t\t\t\t<div class=\"elementor-row\">\n\t\t\t\t\t<div class=\"elementor-column elementor-col-50 elementor-top-column elementor-element elementor-element-49ea89f\" data-id=\"49ea89f\" data-element_type=\"column\">\n\t\t\t<div class=\"elementor-column-wrap elementor-element-populated\">\n\t\t\t\t\t\t\t<div class=\"elementor-widget-wrap\">\n\t\t\t\t\t\t<div class=\"elementor-element elementor-element-062d2dd elementor-widget elementor-widget-image\" data-id=\"062d2dd\" data-element_type=\"widget\" data-widget_type=\"image.default\">\n\t\t\t\t<div class=\"elementor-widget-container\">\n\t\t\t\t\t<div class=\"elementor-image\">\n\t\t\t\t\t\t\t\t\t\t<img width=\"960\" height=\"960\" src=\"https:\/\/moroni-photo.fr\/wp-content\/uploads\/2026\/01\/351126660_2016815655336232_537801690283963477_n.jpg\" class=\"attachment-1536x1536 size-1536x1536\" alt=\"\" loading=\"lazy\" srcset=\"https:\/\/moroni-photo.fr\/wp-content\/uploads\/2026\/01\/351126660_2016815655336232_537801690283963477_n.jpg 960w, https:\/\/moroni-photo.fr\/wp-content\/uploads\/2026\/01\/351126660_2016815655336232_537801690283963477_n-300x300.jpg 300w, https:\/\/moroni-photo.fr\/wp-content\/uploads\/2026\/01\/351126660_2016815655336232_537801690283963477_n-150x150.jpg 150w, https:\/\/moroni-photo.fr\/wp-content\/uploads\/2026\/01\/351126660_2016815655336232_537801690283963477_n-768x768.jpg 768w, https:\/\/moroni-photo.fr\/wp-content\/uploads\/2026\/01\/351126660_2016815655336232_537801690283963477_n-260x260.jpg 260w, https:\/\/moroni-photo.fr\/wp-content\/uploads\/2026\/01\/351126660_2016815655336232_537801690283963477_n-290x290.jpg 290w, https:\/\/moroni-photo.fr\/wp-content\/uploads\/2026\/01\/351126660_2016815655336232_537801690283963477_n-210x210.jpg 210w, https:\/\/moroni-photo.fr\/wp-content\/uploads\/2026\/01\/351126660_2016815655336232_537801690283963477_n-400x400.jpg 400w, https:\/\/moroni-photo.fr\/wp-content\/uploads\/2026\/01\/351126660_2016815655336232_537801690283963477_n-600x600.jpg 600w\" sizes=\"(max-width: 960px) 100vw, 960px\" \/>\t\t\t\t\t\t\t\t\t\t\t<\/div>\n\t\t\t\t<\/div>\n\t\t\t\t<\/div>\n\t\t\t\t<div class=\"elementor-element elementor-element-b32de0b elementor-widget elementor-widget-text-editor\" data-id=\"b32de0b\" data-element_type=\"widget\" data-widget_type=\"text-editor.default\">\n\t\t\t\t<div class=\"elementor-widget-container\">\n\t\t\t\t\t<div class=\"elementor-text-editor elementor-clearfix\"><p>Cr\u00e9dit photo: Magali Parise<\/p><\/div>\n\t\t\t\t<\/div>\n\t\t\t\t<\/div>\n\t\t\t\t\t\t<\/div>\n\t\t\t\t\t<\/div>\n\t\t<\/div>\n\t\t\t\t<div class=\"elementor-column elementor-col-50 elementor-top-column elementor-element elementor-element-a533a2e\" data-id=\"a533a2e\" data-element_type=\"column\">\n\t\t\t<div class=\"elementor-column-wrap elementor-element-populated\">\n\t\t\t\t\t\t\t<div class=\"elementor-widget-wrap\">\n\t\t\t\t\t\t<div class=\"elementor-element elementor-element-69d66bf elementor-widget elementor-widget-text-editor\" data-id=\"69d66bf\" data-element_type=\"widget\" data-widget_type=\"text-editor.default\">\n\t\t\t\t<div class=\"elementor-widget-container\">\n\t\t\t\t\t<div class=\"elementor-text-editor elementor-clearfix\"><h2 data-path-to-node=\"3\">Photographe \u00e0 Chom\u00e9rac : Portraits, Famille et S\u00e9ances Studio par Moroni Photo<\/h2><p data-path-to-node=\"4\"><b data-path-to-node=\"4\" data-index-in-node=\"0\">Photographe professionnel bas\u00e9 \u00e0 Chom\u00e9rac<\/b>, en Ard\u00e8che, je mets mon regard et mon expertise technique au service de vos souvenirs. Mon parcours, initi\u00e9 d\u00e8s l\u2019\u00e2ge de 15 ans par une transmission familiale, est celui d\u2019un passionn\u00e9 de l\u2019image, de l\u2019argentique aux technologies num\u00e9riques les plus pointues.<\/p><h3 data-path-to-node=\"5\">De la technique \u00e0 l\u2019\u00e9motion : mon parcours<\/h3><p data-path-to-node=\"6\">Apr\u00e8s une exp\u00e9rience solide dans la vente de mat\u00e9riel photographique, j\u2019ai acquis une ma\u00eetrise parfaite des outils de prise de vue. Mon passage par la <b data-path-to-node=\"6\" data-index-in-node=\"151\">photographie a\u00e9rienne<\/b> m&#8217;a inculqu\u00e9 la rigueur et le sens de la composition. Pourtant, c&#8217;est le contact humain qui donne tout son sens \u00e0 mon m\u00e9tier. C\u2019est ainsi qu\u2019est n\u00e9 <b data-path-to-node=\"6\" data-index-in-node=\"321\">Moroni Photo<\/b>, votre studio sp\u00e9cialis\u00e9 dans l\u2019humain.<\/p><h3 data-path-to-node=\"7\">Vos prestations photo en Ard\u00e8che<\/h3><p data-path-to-node=\"8\">Je vous accueille dans mon <b data-path-to-node=\"8\" data-index-in-node=\"27\">studio photo \u00e0 Chom\u00e9rac<\/b> ou en ext\u00e9rieur pour capturer les moments forts de votre vie :<\/p><ul data-path-to-node=\"9\"><li><p data-path-to-node=\"9,0,0\"><b data-path-to-node=\"9,0,0\" data-index-in-node=\"0\">Portraits et Shooting Studio :<\/b> Pour une image professionnelle ou personnelle qui vous ressemble.<\/p><\/li><li><p data-path-to-node=\"9,1,0\"><b data-path-to-node=\"9,1,0\" data-index-in-node=\"0\">Photos de Famille :<\/b> Des souvenirs naturels et intemporels \u00e0 partager.<\/p><\/li><li><p data-path-to-node=\"9,2,0\"><b data-path-to-node=\"9,2,0\" data-index-in-node=\"0\">Concept Family Box :<\/b> Une exp\u00e9rience ludique et originale pour toute la famille.<\/p><\/li><li><p data-path-to-node=\"9,3,0\"><b data-path-to-node=\"9,3,0\" data-index-in-node=\"0\">Photo d\u2019Iris :<\/b> L\u2019art de transformer votre regard en une \u0153uvre d\u2019art unique.<\/p><\/li><\/ul><h3 data-path-to-node=\"10\">Une approche bienveillante et naturelle<\/h3><p data-path-to-node=\"11\">Mon objectif est simple : vous offrir une s\u00e9ance photo agr\u00e9able et rassurante. Que ce soit pour un <b data-path-to-node=\"11\" data-index-in-node=\"99\">portrait corporate<\/b> ou une s\u00e9ance avec de jeunes enfants, je prends le temps n\u00e9cessaire pour cr\u00e9er un climat de confiance. Chez Moroni Photo, l\u2019authenticit\u00e9 prime pour obtenir des images fid\u00e8les \u00e0 votre histoire.<\/p><\/div>\n\t\t\t\t<\/div>\n\t\t\t\t<\/div>\n\t\t\t\t<div class=\"elementor-element elementor-element-65b7451 elementor-widget elementor-widget-button\" data-id=\"65b7451\" data-element_type=\"widget\" data-widget_type=\"button.default\">\n\t\t\t\t<div class=\"elementor-widget-container\">\n\t\t\t\t\t<div class=\"elementor-button-wrapper\">\n\t\t\t<a href=\"#\" class=\"elementor-button-link elementor-button elementor-size-sm\" role=\"button\">\n\t\t\t\t\t\t<span class=\"elementor-button-content-wrapper\">\n\t\t\t\t\t\t<span class=\"elementor-button-text\">D\u00e9couvrir les s\u00e9ances<\/span>\n\t\t<\/span>\n\t\t\t\t\t<\/a>\n\t\t<\/div>\n\t\t\t\t<\/div>\n\t\t\t\t<\/div>\n\t\t\t\t\t\t<\/div>\n\t\t\t\t\t<\/div>\n\t\t<\/div>\n\t\t\t\t\t\t\t\t<\/div>\n\t\t\t\t\t<\/div>\n\t\t<\/section>\n\t\t\t\t\t\t<\/div>\n\t\t\t\t\t\t<\/div>\n\t\t\t\t\t<\/div>\n\t\t","protected":false},"excerpt":{"rendered":"<p>Ajoutez votre titre ici A propos de Eric Moroni Photographe \u00e0 Chom\u00e9rac Cr\u00e9dit photo: Magali Parise Photographe \u00e0 Chom\u00e9rac : Portraits, Famille et S\u00e9ances Studio par Moroni Photo Photographe professionnel bas\u00e9 \u00e0 Chom\u00e9rac, en Ard\u00e8che, je mets mon regard et mon expertise technique au service de vos souvenirs. Mon parcours, initi\u00e9 d\u00e8s l\u2019\u00e2ge de 15&#8230;<\/p>\n","protected":false},"author":1,"featured_media":6,"parent":0,"menu_order":0,"comment_status":"closed","ping_status":"closed","template":"elementor_header_footer","meta":[],"yoast_head":"<!-- This site is optimized with the Yoast SEO plugin v15.9.1 - https:\/\/yoast.com\/wordpress\/plugins\/seo\/ -->\n<title>\u00c0 propos de - Eric Moroni<\/title>\n<meta name=\"robots\" content=\"index, follow, max-snippet:-1, max-image-preview:large, max-video-preview:-1\" \/>\n<link rel=\"canonical\" href=\"http:\/\/moroni-photo.fr\/?page_id=9\" \/>\n<meta property=\"og:locale\" content=\"fr_FR\" \/>\n<meta property=\"og:type\" content=\"article\" \/>\n<meta property=\"og:title\" content=\"\u00c0 propos de - Eric Moroni\" \/>\n<meta property=\"og:description\" content=\"Ajoutez votre titre ici A propos de Eric Moroni Photographe \u00e0 Chom\u00e9rac Cr\u00e9dit photo: Magali Parise Photographe \u00e0 Chom\u00e9rac : Portraits, Famille et S\u00e9ances Studio par Moroni Photo Photographe professionnel bas\u00e9 \u00e0 Chom\u00e9rac, en Ard\u00e8che, je mets mon regard et mon expertise technique au service de vos souvenirs. Mon parcours, initi\u00e9 d\u00e8s l\u2019\u00e2ge de 15...\" \/>\n<meta property=\"og:url\" content=\"http:\/\/moroni-photo.fr\/?page_id=9\" \/>\n<meta property=\"og:site_name\" content=\"Eric Moroni\" \/>\n<meta property=\"article:modified_time\" content=\"2026-01-19T11:33:23+00:00\" \/>\n<meta property=\"og:image\" content=\"https:\/\/moroni-photo.fr\/wp-content\/uploads\/2020\/02\/sandwich.jpg\" \/>\n\t<meta property=\"og:image:width\" content=\"2000\" \/>\n\t<meta property=\"og:image:height\" content=\"1200\" \/>\n<meta name=\"twitter:card\" content=\"summary_large_image\" \/>\n<meta name=\"twitter:label1\" content=\"Dur\u00e9e de lecture est.\">\n\t<meta name=\"twitter:data1\" content=\"2 minutes\">\n<script type=\"application\/ld+json\" class=\"yoast-schema-graph\">{\"@context\":\"https:\/\/schema.org\",\"@graph\":[{\"@type\":\"WebSite\",\"@id\":\"http:\/\/moroni-photo.fr\/#website\",\"url\":\"http:\/\/moroni-photo.fr\/\",\"name\":\"Eric Moroni\",\"description\":\"Photographe\",\"potentialAction\":[{\"@type\":\"SearchAction\",\"target\":\"http:\/\/moroni-photo.fr\/?s={search_term_string}\",\"query-input\":\"required name=search_term_string\"}],\"inLanguage\":\"fr-FR\"},{\"@type\":\"ImageObject\",\"@id\":\"http:\/\/moroni-photo.fr\/?page_id=9#primaryimage\",\"inLanguage\":\"fr-FR\",\"url\":\"https:\/\/moroni-photo.fr\/wp-content\/uploads\/2020\/02\/sandwich.jpg\",\"width\":2000,\"height\":1200},{\"@type\":\"WebPage\",\"@id\":\"http:\/\/moroni-photo.fr\/?page_id=9#webpage\",\"url\":\"http:\/\/moroni-photo.fr\/?page_id=9\",\"name\":\"\\u00c0 propos de - Eric Moroni\",\"isPartOf\":{\"@id\":\"http:\/\/moroni-photo.fr\/#website\"},\"primaryImageOfPage\":{\"@id\":\"http:\/\/moroni-photo.fr\/?page_id=9#primaryimage\"},\"datePublished\":\"2020-02-11T08:25:14+00:00\",\"dateModified\":\"2026-01-19T11:33:23+00:00\",\"breadcrumb\":{\"@id\":\"http:\/\/moroni-photo.fr\/?page_id=9#breadcrumb\"},\"inLanguage\":\"fr-FR\",\"potentialAction\":[{\"@type\":\"ReadAction\",\"target\":[\"http:\/\/moroni-photo.fr\/?page_id=9\"]}]},{\"@type\":\"BreadcrumbList\",\"@id\":\"http:\/\/moroni-photo.fr\/?page_id=9#breadcrumb\",\"itemListElement\":[{\"@type\":\"ListItem\",\"position\":1,\"item\":{\"@type\":\"WebPage\",\"@id\":\"http:\/\/moroni-photo.fr\/\",\"url\":\"http:\/\/moroni-photo.fr\/\",\"name\":\"Accueil\"}},{\"@type\":\"ListItem\",\"position\":2,\"item\":{\"@type\":\"WebPage\",\"@id\":\"http:\/\/moroni-photo.fr\/?page_id=9\",\"url\":\"http:\/\/moroni-photo.fr\/?page_id=9\",\"name\":\"\\u00c0 propos de\"}}]}]}<\/script>\n<!-- \/ Yoast SEO plugin. -->","_links":{"self":[{"href":"https:\/\/moroni-photo.fr\/index.php?rest_route=\/wp\/v2\/pages\/9"}],"collection":[{"href":"https:\/\/moroni-photo.fr\/index.php?rest_route=\/wp\/v2\/pages"}],"about":[{"href":"https:\/\/moroni-photo.fr\/index.php?rest_route=\/wp\/v2\/types\/page"}],"author":[{"embeddable":true,"href":"https:\/\/moroni-photo.fr\/index.php?rest_route=\/wp\/v2\/users\/1"}],"replies":[{"embeddable":true,"href":"https:\/\/moroni-photo.fr\/index.php?rest_route=%2Fwp%2Fv2%2Fcomments&post=9"}],"version-history":[{"count":45,"href":"https:\/\/moroni-photo.fr\/index.php?rest_route=\/wp\/v2\/pages\/9\/revisions"}],"predecessor-version":[{"id":1570,"href":"https:\/\/moroni-photo.fr\/index.php?rest_route=\/wp\/v2\/pages\/9\/revisions\/1570"}],"wp:featuredmedia":[{"embeddable":true,"href":"https:\/\/moroni-photo.fr\/index.php?rest_route=\/wp\/v2\/media\/6"}],"wp:attachment":[{"href":"https:\/\/moroni-photo.fr\/index.php?rest_route=%2Fwp%2Fv2%2Fmedia&parent=9"}],"curies":[{"name":"wp","href":"https:\/\/api.w.org\/{rel}","templated":true}]}}